{"id":772,"date":"2022-02-23T21:07:14","date_gmt":"2022-02-23T21:07:14","guid":{"rendered":"https:\/\/demo.creativethemes.com\/stagingfour\/?page_id=772"},"modified":"2025-01-18T15:25:18","modified_gmt":"2025-01-18T14:25:18","slug":"home","status":"publish","type":"page","link":"https:\/\/soulsupreme.de\/wp\/","title":{"rendered":"Home"},"content":{"rendered":"\n<div class=\"wp-block-getwid-section alignfull alignfull getwid-section-content-custom-width\"><div class=\"wp-block-getwid-section__wrapper getwid-padding-top-large getwid-padding-bottom-large getwid-padding-left-medium getwid-padding-right-medium\" style=\"min-height:70vh\"><div class=\"wp-block-getwid-section__inner-wrapper\" style=\"max-width:740px\"><div class=\"wp-block-getwid-section__background-holder\"><div class=\"wp-block-getwid-section__background\" style=\"background-image:url('https:\/\/soulsupreme.de\/wp\/wp-content\/uploads\/2024\/03\/cropped-KMMs-banner-2000px.jpg')\"><div class=\"wp-block-getwid-section__background-image-wrapper\"><img decoding=\"async\" class=\"wp-block-getwid-section__background-image\" src=\"https:\/\/soulsupreme.de\/wp\/wp-content\/uploads\/2024\/03\/cropped-KMMs-banner-2000px.jpg\" alt=\"\"\/><\/div><\/div><div class=\"wp-block-getwid-section__foreground\"><\/div><\/div><div class=\"wp-block-getwid-section__content\"><div class=\"wp-block-getwid-section__inner-content\">\n<div class=\"wp-block-getwid-advanced-heading\" style=\"margin-bottom:0px;margin-top:0px\"><span class=\"wp-block-getwid-advanced-heading__content has-text-color has-base-color\" style=\"text-align:center\">Enhance your mastery<\/span><\/div>\n\n\n\n<div class=\"wp-block-getwid-advanced-heading has-custom-font-size\" style=\"font-size:3em;margin-bottom:30px;margin-top:10px\"><h2 class=\"wp-block-getwid-advanced-heading__content has-text-color has-base-color\" style=\"text-align:center;font-family:&quot;Abel&quot;;font-weight:normal\">Die Komm&#8217;Mit Mann!s<\/h2><\/div>\n\n\n\n<p class=\"has-text-align-center has-base-color has-text-color has-link-color wp-elements-3fb64218fdf3f169a3d593f8364c4d03\">Ipsum nunc aliquet bibendum enim facilisis. Purus viverra accumsan in nisl nisi scelerisque. Ligula ullamcorper malesuada proin libero. Nulla aliquet enim tortor at auctor urna nunc id cursus. Nunc faucibus a pellentesque sit amet. Et pharetra pharetra massa massa ultricies mi quis.<\/p>\n<\/div><\/div><\/div><\/div><\/div>\n\n\n\n<div class=\"wp-block-getwid-section alignfull alignfull\"><div class=\"wp-block-getwid-section__wrapper getwid-padding-top-large getwid-padding-bottom-large getwid-padding-left-medium getwid-padding-right-medium getwid-align-items-flex-start\"><div class=\"wp-block-getwid-section__inner-wrapper\"><div class=\"wp-block-getwid-section__background-holder\"><div class=\"wp-block-getwid-section__background\"><\/div><div class=\"wp-block-getwid-section__foreground\"><\/div><\/div><div class=\"wp-block-getwid-section__content\"><div class=\"wp-block-getwid-section__inner-content\">\n<div class=\"wp-block-columns has-2-columns are-vertically-aligned-center is-layout-flex wp-container-core-columns-is-layout-28f84493 wp-block-columns-is-layout-flex\">\n<div class=\"wp-block-column is-vertically-aligned-center is-layout-flow wp-block-column-is-layout-flow\">\n<div class=\"wp-block-getwid-advanced-heading\" style=\"margin-bottom:30px;margin-top:10px\"><h2 class=\"wp-block-getwid-advanced-heading__content\">Wir<\/h2><\/div>\n\n\n\n<p><strong>1992<\/strong>: Der Alan Parker Film \u201e<strong><em>The Commitments<\/em><\/strong>&#8220; l\u00e4uft in den Kinos. S\u00e4nger Chris Tanzza sieht ihn und ruft hektisch und euphorisch die Soulmusiker des Ruhrgebietes zusammen. Die \u201e<strong>Komm Mit\u00b4Mann!s<\/strong>\u201c sind geboren.&nbsp;Schon die ersten Auftritte werden zum gro\u00dfen Erfolg. Ausverkaufte Clubs, umjubelte Festivalauftritte.<br>Die Renaissance des Souls in Deutschland ist gelungen.<br><br><a href=\"https:\/\/www.diekommitmanns.de\/soul1\/data\/uploads\/livephotos\/kmms-rietberg.jpg\"><\/a><strong>2024:<\/strong>&nbsp;Jetzt, 32&nbsp;Jahre nach Gr\u00fcndung der \u201eKomm\u00b4s\u201c, nach \u00fcber 1400 Auftritten im In-und Ausland, nach 100 tausenden gefressenen Autobahnkm, nach Gigs mit Soulgr\u00f6\u00dfen, wie z.B. \u201eThe Temptations\u201c und dem Godfather James Brown, gilt die Band l\u00e4ngst als Kult, ist immer noch auf ihrer \u201eneverending Tour\u201c, frischer den je, mit ihrer Jubilee-CD im Gep\u00e4ck.<\/p>\n\n\n\n<p><\/p>\n\n\n\n<p><\/p>\n<\/div>\n\n\n\n<div class=\"wp-block-column is-vertically-aligned-center is-layout-flow wp-block-column-is-layout-flow\">\n<div class=\"wp-block-cover\" style=\"min-height:226px;aspect-ratio:unset;\"><span aria-hidden=\"true\" class=\"wp-block-cover__background has-background-dim\"><\/span><img loading=\"lazy\" decoding=\"async\" width=\"1000\" height=\"540\" class=\"wp-block-cover__image-background wp-image-824\" alt=\"\" src=\"https:\/\/soulsupreme.de\/wp\/wp-content\/uploads\/2024\/03\/kmms-rietberg.jpg\" data-object-fit=\"cover\" srcset=\"https:\/\/soulsupreme.de\/wp\/wp-content\/uploads\/2024\/03\/kmms-rietberg.jpg 1000w, https:\/\/soulsupreme.de\/wp\/wp-content\/uploads\/2024\/03\/kmms-rietberg-300x162.jpg 300w, https:\/\/soulsupreme.de\/wp\/wp-content\/uploads\/2024\/03\/kmms-rietberg-768x415.jpg 768w\" sizes=\"auto, (max-width: 1000px) 100vw, 1000px\" \/><div class=\"wp-block-cover__inner-container is-layout-flow wp-block-cover-is-layout-flow\">\n<p class=\"has-text-align-center has-large-font-size\">Die Komm&#8217;Mit Mann!s in Rietberg<\/p>\n<\/div><\/div>\n\n\n\n<p>Fans der ersten Stunde kommen inzwischen mit ihren Kids, um die Hits der gro\u00dfen Soulaera, wie \u201e<em>Mustang Sally<\/em>\u201c, \u201c<em>Dock of the bay<\/em>\u201c, \u201c<em>Respect<\/em>\u201c, etc. zu h\u00f6ren und zu feiern. Die \u201eKomm\u00b4s\u201c haben im Laufe der Jahre ihren ureigenen Stil kreiert, mit Chris Tanzza, der, laut Presse,&nbsp;<strong>schw\u00e4rzesten wei\u00dfen Stimme des Ruhrgebiets<\/strong>, dem unvergleichlichen weiblichen Backingchor, der auch solistisch brilliert und der unerm\u00fcdlich schuftenden, groovenden Band mit ihrem treibendem Bl\u00e4sersatz.<\/p>\n<\/div>\n<\/div>\n<\/div><\/div><\/div><\/div><\/div>\n\n\n","protected":false},"excerpt":{"rendered":"","protected":false},"author":1,"featured_media":0,"parent":0,"menu_order":0,"comment_status":"closed","ping_status":"closed","template":"page-no-title","meta":{"footnotes":""},"class_list":["post-772","page","type-page","status-publish","hentry"],"_links":{"self":[{"href":"https:\/\/soulsupreme.de\/wp\/wp-json\/wp\/v2\/pages\/772","targetHints":{"allow":["GET"]}}],"collection":[{"href":"https:\/\/soulsupreme.de\/wp\/wp-json\/wp\/v2\/pages"}],"about":[{"href":"https:\/\/soulsupreme.de\/wp\/wp-json\/wp\/v2\/types\/page"}],"author":[{"embeddable":true,"href":"https:\/\/soulsupreme.de\/wp\/wp-json\/wp\/v2\/users\/1"}],"replies":[{"embeddable":true,"href":"https:\/\/soulsupreme.de\/wp\/wp-json\/wp\/v2\/comments?post=772"}],"version-history":[{"count":13,"href":"https:\/\/soulsupreme.de\/wp\/wp-json\/wp\/v2\/pages\/772\/revisions"}],"predecessor-version":[{"id":888,"href":"https:\/\/soulsupreme.de\/wp\/wp-json\/wp\/v2\/pages\/772\/revisions\/888"}],"wp:attachment":[{"href":"https:\/\/soulsupreme.de\/wp\/wp-json\/wp\/v2\/media?parent=772"}],"curies":[{"name":"wp","href":"https:\/\/api.w.org\/{rel}","templated":true}]}}